{"id":9,"date":"2021-09-10T19:20:50","date_gmt":"2021-09-10T17:20:50","guid":{"rendered":"https:\/\/boring-bell.62-210-145-80.plesk.page\/agence\/?page_id=9"},"modified":"2025-10-08T10:17:33","modified_gmt":"2025-10-08T08:17:33","slug":"qui-sommes-nous","status":"publish","type":"page","link":"https:\/\/cooperative-cvm.fr\/agence\/qui-sommes-nous\/","title":{"rendered":"Qui sommes-nous ?"},"content":{"rendered":"\n<p>L\u2019Agence CVM est une agence de conseil et communication qui travaille dans l\u2019int\u00e9r\u00eat g\u00e9n\u00e9ral. A but non lucratif, nous accompagnons des clients qui partagent nos modes de fonctionnement et nos valeurs de solidarit\u00e9 et de partage (associations, institutions, mutuelles, syndicats, acteurs de l\u2019ESS\u2026).<\/p>\n\n\n\n<p>Notre forme de coop\u00e9rative nous permet de comprendre les enjeux politiques et techniques de nos partenaires. R\u00e9f\u00e9rence dans le domaine de la sant\u00e9 et de la protection sociale, l&rsquo;agence CVM met son savoir-faire au service de vos projets et de vos id\u00e9es, du projet le plus global \u00e0 la mission la plus pr\u00e9cise.<\/p>\n\n\n\n<h2 class=\"wp-block-heading\">L&rsquo;histoire de l&rsquo;Agence CVM<\/h2>\n\n\n\n<p>Accol\u00e9 \u00e0 la <a href=\"https:\/\/cooperative-cvm.fr\/presse\/qui-sommes-nous\/\" target=\"_blank\" rel=\"noopener\" title=\"\">CVM Presse<\/a>, est apparu au d\u00e9but des ann\u00e9es 2000 un p\u00f4le communication dont le but est de produire des supports papier, publicitaires ou institutionnels, rout\u00e9s dans <a href=\"https:\/\/cooperative-cvm.fr\/presse\/realisations\/viva-magazine\/\" title=\"\">le magazine<\/a>. L&rsquo;id\u00e9e est de compl\u00e9ter l&rsquo;information journalistique par un travail sur la communication et les supports promotionnels des mutuelles.<\/p>\n\n\n\n<p>Avec le temps, les missions se multiplient et se diversifient. Le monde mutualiste a longtemps consid\u00e9r\u00e9, en tant qu&rsquo;acteur de l&rsquo;int\u00e9r\u00eat g\u00e9n\u00e9ral, que la communication n&rsquo;\u00e9tait pas la priorit\u00e9. <\/p>\n\n\n\n<p>Certaines mutuelles ne disposent donc pas, en interne, des comp\u00e9tences indispensables, notamment pour faire face \u00e0 la digitalisation des pratiques. <\/p>\n\n\n\n<p>Petit \u00e0 petit, l&rsquo;Agence CVM d\u00e9veloppe son offre, d&rsquo;abord en travaillant sur la structuration de sites internet, puis sur les strat\u00e9gies digitales au sens large. Avant, dans les ann\u00e9es 2010, de d\u00e9velopper un axe conseil et strat\u00e9gie. <\/p>\n\n\n\n<p>Aujourd&rsquo;hui, nous avons des clients issus de tous les horizons et notamment hors du p\u00e9rim\u00e8tre des <a href=\"https:\/\/www.mutuelles-de-france.fr\/articles_detail\/TWpZ\/les-mutuelles-de-france\/\" target=\"_blank\" rel=\"noreferrer noopener\">Mutuelles de France<\/a>. <\/p>\n\n\n\n<h2 class=\"wp-block-heading has-text-align-center\">Les domaines d&rsquo;expertise de l&rsquo;Agence CVM<\/h2>\n\n\n<div class=\"grid-icons\">\n    <div class=\"grid-icons__item\">\n    <div class=\"card-icon\">\n    \n      <div class=\"card-icon__icon\">\n\n        <svg class=\"card-icon__icon__shape\" xmlns=\"http:\/\/www.w3.org\/2000\/svg\" fill=\"none\" viewBox=\"0 0 216 216\" aria-hidden=\"true\" focusable=\"false\">\n          <path fill=\"url(#icon-shape-1)\" d=\"M164.874 198.881c50.356-31.474 65.666-97.813 34.193-148.1694C167.594.355435 101.259-14.9575 50.9 16.5112.541136 47.98-14.771 114.327 16.7024 164.683c31.4734 50.356 97.8126 65.666 148.1716 34.198ZM67.5832 43.2052c8.4689-5.2933 17.8975-8.8665 27.7475-10.5157 9.8503-1.6491 19.9283-1.3419 29.6593.9041 9.731 2.2459 18.925 6.3867 27.056 12.1859 8.13 5.7992 15.039 13.1432 20.332 21.6126 5.293 8.4692 8.867 17.898 10.516 27.7481 1.649 9.8498 1.342 19.9288-.903 29.6608-2.246 9.731-6.387 18.925-12.186 27.056-5.798 8.132-13.142 15.041-21.611 20.334-17.106 10.688-37.757 14.144-57.4105 9.608-19.6536-4.536-36.7006-16.693-47.3919-33.797-5.2928-8.469-8.8654-17.898-10.5141-27.748-1.6487-9.851-1.341-19.929.9054-29.6605 2.2464-9.7314 6.3876-18.925 12.187-27.0559 5.7995-8.1309 13.1437-15.0399 21.6133-20.3324Z\" opacity=\".15\"\/>\n          <defs>\n            <linearGradient id=\"icon-shape-1\"\n                            x1=\"142\"\n                            x2=\"100\"\n                            y1=\"154\"\n                            y2=\"97\"\n                            gradientUnits=\"userSpaceOnUse\">\n              <stop stop-color=\"#fff\" stop-opacity=\".1\"\/>\n              <stop offset=\"1\" stop-color=\"#68d6b4\"\/>\n            <\/linearGradient>\n          <\/defs>\n        <\/svg>\n\n                <img decoding=\"async\" class=\"card-icon__icon__image\" src=\"https:\/\/cooperative-cvm.fr\/agence\/wp-content\/uploads\/sites\/2\/2021\/12\/digital.png\" alt=\"\">\n        \n      <\/div>\n\n            <p class=\"card-icon__text\">Digital<\/p>\n      \n    <\/div>\n  <\/div>\n    <div class=\"grid-icons__item\">\n    <div class=\"card-icon\">\n    \n      <div class=\"card-icon__icon\">\n\n        <svg class=\"card-icon__icon__shape\" xmlns=\"http:\/\/www.w3.org\/2000\/svg\" fill=\"none\" viewBox=\"0 0 216 216\" aria-hidden=\"true\" focusable=\"false\">\n          <path fill=\"url(#icon-shape-2)\" d=\"M164.874 198.881c50.356-31.474 65.666-97.813 34.193-148.1694C167.594.355435 101.259-14.9575 50.9 16.5112.541136 47.98-14.771 114.327 16.7024 164.683c31.4734 50.356 97.8126 65.666 148.1716 34.198ZM67.5832 43.2052c8.4689-5.2933 17.8975-8.8665 27.7475-10.5157 9.8503-1.6491 19.9283-1.3419 29.6593.9041 9.731 2.2459 18.925 6.3867 27.056 12.1859 8.13 5.7992 15.039 13.1432 20.332 21.6126 5.293 8.4692 8.867 17.898 10.516 27.7481 1.649 9.8498 1.342 19.9288-.903 29.6608-2.246 9.731-6.387 18.925-12.186 27.056-5.798 8.132-13.142 15.041-21.611 20.334-17.106 10.688-37.757 14.144-57.4105 9.608-19.6536-4.536-36.7006-16.693-47.3919-33.797-5.2928-8.469-8.8654-17.898-10.5141-27.748-1.6487-9.851-1.341-19.929.9054-29.6605 2.2464-9.7314 6.3876-18.925 12.187-27.0559 5.7995-8.1309 13.1437-15.0399 21.6133-20.3324Z\" opacity=\".15\"\/>\n          <defs>\n            <linearGradient id=\"icon-shape-2\"\n                            x1=\"84\"\n                            x2=\"112\"\n                            y1=\"160\"\n                            y2=\"96\"\n                            gradientUnits=\"userSpaceOnUse\">\n              <stop stop-color=\"#fff\" stop-opacity=\".1\"\/>\n              <stop offset=\"1\" stop-color=\"#68d6b4\"\/>\n            <\/linearGradient>\n          <\/defs>\n        <\/svg>\n\n                <img decoding=\"async\" class=\"card-icon__icon__image\" src=\"https:\/\/cooperative-cvm.fr\/agence\/wp-content\/uploads\/sites\/2\/2021\/12\/conseil.png\" alt=\"\">\n        \n      <\/div>\n\n            <p class=\"card-icon__text\">Conseil<\/p>\n      \n    <\/div>\n  <\/div>\n    <div class=\"grid-icons__item\">\n    <div class=\"card-icon\">\n    \n      <div class=\"card-icon__icon\">\n\n        <svg class=\"card-icon__icon__shape\" xmlns=\"http:\/\/www.w3.org\/2000\/svg\" fill=\"none\" viewBox=\"0 0 216 216\" aria-hidden=\"true\" focusable=\"false\">\n          <path fill=\"url(#icon-shape-3)\" d=\"M164.874 198.881c50.356-31.474 65.666-97.813 34.193-148.1694C167.594.355435 101.259-14.9575 50.9 16.5112.541136 47.98-14.771 114.327 16.7024 164.683c31.4734 50.356 97.8126 65.666 148.1716 34.198ZM67.5832 43.2052c8.4689-5.2933 17.8975-8.8665 27.7475-10.5157 9.8503-1.6491 19.9283-1.3419 29.6593.9041 9.731 2.2459 18.925 6.3867 27.056 12.1859 8.13 5.7992 15.039 13.1432 20.332 21.6126 5.293 8.4692 8.867 17.898 10.516 27.7481 1.649 9.8498 1.342 19.9288-.903 29.6608-2.246 9.731-6.387 18.925-12.186 27.056-5.798 8.132-13.142 15.041-21.611 20.334-17.106 10.688-37.757 14.144-57.4105 9.608-19.6536-4.536-36.7006-16.693-47.3919-33.797-5.2928-8.469-8.8654-17.898-10.5141-27.748-1.6487-9.851-1.341-19.929.9054-29.6605 2.2464-9.7314 6.3876-18.925 12.187-27.0559 5.7995-8.1309 13.1437-15.0399 21.6133-20.3324Z\" opacity=\".15\"\/>\n          <defs>\n            <linearGradient id=\"icon-shape-3\"\n                            x1=\"65\"\n                            x2=\"116\"\n                            y1=\"68\"\n                            y2=\"116\"\n                            gradientUnits=\"userSpaceOnUse\">\n              <stop stop-color=\"#fff\" stop-opacity=\".1\"\/>\n              <stop offset=\"1\" stop-color=\"#68d6b4\"\/>\n            <\/linearGradient>\n          <\/defs>\n        <\/svg>\n\n                <img decoding=\"async\" class=\"card-icon__icon__image\" src=\"https:\/\/cooperative-cvm.fr\/agence\/wp-content\/uploads\/sites\/2\/2021\/12\/print.png\" alt=\"\">\n        \n      <\/div>\n\n            <p class=\"card-icon__text\">Supports print et PLV<\/p>\n      \n    <\/div>\n  <\/div>\n  <\/div>\n\n\n\n<h2 class=\"wp-block-heading\">Les valeurs de l&rsquo;Agence CVM<\/h2>\n\n\n\n<h3 class=\"wp-block-heading\">Efficience&nbsp;<\/h3>\n\n\n\n<p>Nous sommes l\u00e0 pour nous adapter \u00e0 vos moyens, vos budgets et vos projets. Notre but : vous proposer la solution la plus efficace avec le meilleur rapport qualit\u00e9-prix.<\/p>\n\n\n\n<h3 class=\"wp-block-heading\">Solidarit\u00e9<\/h3>\n\n\n\n<p>Nous sommes, depuis l\u2019origine, un acteur mutualiste. Notre mission est aussi de cr\u00e9er des solidarit\u00e9s fonctionnelles et op\u00e9rationnelles et d\u2019\u00eatre utiles aux acteurs engag\u00e9s.<\/p>\n\n\n\n<h3 class=\"wp-block-heading\">Innovation<\/h3>\n\n\n\n<p>La communication est un secteur en mouvement perp\u00e9tuel. Notre objectif est aussi d\u2019\u00eatre attentifs \u00e0 proposer des solutions innovantes et originales \u00e0 chacun des acteurs qui nous fait confiance.<\/p>\n\n\n\n<h2 class=\"wp-block-heading\">Nos r\u00e9alisations<\/h2>\n\n\n\n<p>Nous menons des actions de conseil et communication \u00e0 360\u00b0.<\/p>\n\n\n\n<p>Nous vous accompagnons \u00e0 toutes les \u00e9tapes. Du conseil strat\u00e9gique \u00e0 la fabrication, des actions et plans de communication f\u00e9d\u00e9rateurs aux d\u00e9clinaisons op\u00e9rationnelles cibl\u00e9es, <a href=\"https:\/\/cooperative-cvm.fr\/agence\/realisations\/\" target=\"_blank\" rel=\"noopener\" title=\"\">retrouvez ici certains de nos projets et missions<\/a>. Nous les avons men\u00e9s r\u00e9cemment pour accompagner nos clients au mieux de leurs besoins en conseil et en communication. \u00a0<\/p>\n\n\n\n<h2 class=\"wp-block-heading\">Notre \u00e9quipe<\/h2>\n\n\n\n<p>Notre \u00e9quipe est engag\u00e9e, form\u00e9e aux derni\u00e8res techniques de l\u2019animation collective et de la communication. Nous accompagnons chaque client au&nbsp;mieux de nos capacit\u00e9s. Nous sommes l\u00e0 pour \u00eatre utiles \u00e0 toutes les \u00e9chelles. Si vous faites appel \u00e0 nous, vous aurez un interlocuteur unique pour vos projets et une \u00e9quipe organis\u00e9e pour trouver des solutions \u00e0 l\u2019ensemble de vos probl\u00e9matiques.<\/p>\n\n\n\n\n<div class=\"grid -gutter-y-medium u-justify-center\">\n    <div class=\"grid__item\">\n    <article class=\"card-member -layout-bio\">\n      <div class=\"card-member__inner\">\n      \n        <figure class=\"card-member__avatar\">\n          <img decoding=\"async\" src=\"https:\/\/cooperative-cvm.fr\/agence\/wp-content\/uploads\/sites\/2\/2023\/07\/sophie-1.png\" alt=\"\">\n        <\/figure>\n\n        <h3 class=\"card-member__title\">Sophie Dombrowski<\/h3>\n\n        <p class=\"card-member__subtitle\">Responsable de l&rsquo;Agence CVM<\/p>\n\n                <p class=\"card-member__text\">Sophie rejoint l\u2019Agence CVM dans le but de continuer \u00e0 accompagner des structures de petite et moyenne taille sur un volet 360\u00b0 en communication tout en retrouvant le cadre d&rsquo;une agence. Bienveillante et toujours de bonne humeur, elle trouve toujours les moyens les plus efficaces afin de simplifier la vie des client\u00b7es qui manquent de temps ou de moyens \u00e0 d\u00e9dier \u00e0 la communication.<\/p>\n        \n      <\/div>\n    <\/article>\n  <\/div>\n    <div class=\"grid__item\">\n    <article class=\"card-member -layout-bio\">\n      <div class=\"card-member__inner\">\n      \n        <figure class=\"card-member__avatar\">\n          <img decoding=\"async\" src=\"https:\/\/cooperative-cvm.fr\/agence\/wp-content\/uploads\/sites\/2\/2024\/05\/cecilia.png\" alt=\"\">\n        <\/figure>\n\n        <h3 class=\"card-member__title\">C\u00e9cilia Naquin<\/h3>\n\n        <p class=\"card-member__subtitle\">Cheffe de projet communication<\/p>\n\n                <p class=\"card-member__text\">C\u00e9cilia apporte un regard singulier issu de son parcours en linguistique et de son exp\u00e9rience diversifi\u00e9e en maison d&rsquo;\u00e9dition, agences de communication et pour le projet du Grand Paris Express. Grande randonneuse en \u00cele-de-France, elle explore et fait d\u00e9couvrir la nature r\u00e9gionale depuis maintenant quatre ans\u2026 Une vraie passionn\u00e9e ! <br \/>\r\n<br \/>\r\nElle rejoint la CVM par conviction pour ses valeurs et son engagement soci\u00e9tal. \u00c0 l&rsquo;Agence, elle apporte ses comp\u00e9tences pouss\u00e9es en analyse de discours et en gestion de projet pour r\u00e9pondre avec pr\u00e9cision et efficacit\u00e9 aux besoins de nos client\u00b7es. <br \/>\r\n<\/p>\n        \n      <\/div>\n    <\/article>\n  <\/div>\n    <div class=\"grid__item\">\n    <article class=\"card-member -layout-bio\">\n      <div class=\"card-member__inner\">\n      \n        <figure class=\"card-member__avatar\">\n          <img decoding=\"async\" src=\"https:\/\/cooperative-cvm.fr\/agence\/wp-content\/uploads\/sites\/2\/2023\/07\/roxane.png\" alt=\"\">\n        <\/figure>\n\n        <h3 class=\"card-member__title\">Roxane Lucas<\/h3>\n\n        <p class=\"card-member__subtitle\">Apprentie social media manager<\/p>\n\n                <p class=\"card-member__text\">Les r\u00e9seaux sociaux ? Roxane les conna\u00eet sur le bout des doigts\u2026 et du clavier !<br \/>\r\nProactive, elle met son \u00e9nergie et sa cr\u00e9ativit\u00e9 au service de la communication digitale. Elle apporte sa vision en strat\u00e9gie de contenu, community management et optimisation de la visibilit\u00e9 en ligne. Toujours \u00e0 l\u2019aff\u00fbt des tendances, Roxane cherche \u00e0 f\u00e9d\u00e9rer des communaut\u00e9s autour de publications engageantes.<\/p>\n        \n      <\/div>\n    <\/article>\n  <\/div>\n  <\/div>\n\n\n\n<h2 class=\"wp-block-heading\"><\/h2>\n","protected":false},"excerpt":{"rendered":"<p>L\u2019Agence CVM est une agence de conseil et communication qui travaille dans l\u2019int\u00e9r\u00eat g\u00e9n\u00e9ral. A but non lucratif, nous accompagnons des clients qui partagent nos modes de fonctionnement et nos valeurs de solidarit\u00e9 et de partage (associations, institutions, mutuelles, syndicats, acteurs de l\u2019ESS\u2026). Notre forme de coop\u00e9rative nous permet de comprendre les enjeux politiques et [&hellip;]<\/p>\n","protected":false},"author":8,"featured_media":0,"parent":0,"menu_order":0,"comment_status":"closed","ping_status":"closed","template":"","meta":{"_acf_changed":false,"footnotes":""},"class_list":["post-9","page","type-page","status-publish","hentry"],"aioseo_notices":[],"acf":[],"_links":{"self":[{"href":"https:\/\/cooperative-cvm.fr\/agence\/wp-json\/wp\/v2\/pages\/9","targetHints":{"allow":["GET"]}}],"collection":[{"href":"https:\/\/cooperative-cvm.fr\/agence\/wp-json\/wp\/v2\/pages"}],"about":[{"href":"https:\/\/cooperative-cvm.fr\/agence\/wp-json\/wp\/v2\/types\/page"}],"author":[{"embeddable":true,"href":"https:\/\/cooperative-cvm.fr\/agence\/wp-json\/wp\/v2\/users\/8"}],"replies":[{"embeddable":true,"href":"https:\/\/cooperative-cvm.fr\/agence\/wp-json\/wp\/v2\/comments?post=9"}],"version-history":[{"count":38,"href":"https:\/\/cooperative-cvm.fr\/agence\/wp-json\/wp\/v2\/pages\/9\/revisions"}],"predecessor-version":[{"id":1737,"href":"https:\/\/cooperative-cvm.fr\/agence\/wp-json\/wp\/v2\/pages\/9\/revisions\/1737"}],"wp:attachment":[{"href":"https:\/\/cooperative-cvm.fr\/agence\/wp-json\/wp\/v2\/media?parent=9"}],"curies":[{"name":"wp","href":"https:\/\/api.w.org\/{rel}","templated":true}]}}