{"id":8,"date":"2021-09-10T19:25:06","date_gmt":"2021-09-10T17:25:06","guid":{"rendered":"https:\/\/boring-bell.62-210-145-80.plesk.page\/presse\/?page_id=8"},"modified":"2025-10-08T10:52:52","modified_gmt":"2025-10-08T08:52:52","slug":"page-daccueil","status":"publish","type":"page","link":"https:\/\/cooperative-cvm.fr\/presse\/","title":{"rendered":"Page d&rsquo;accueil"},"content":{"rendered":"<section class=\"hero\">\n\n  \n  <div class=\"hero__inner\">\n\n    <svg class=\"hero__background-shape -xsmall-screen\" xmlns=\"http:\/\/www.w3.org\/2000\/svg\" fill=\"none\" viewBox=\"0 0 375 684\" preserveAspectRatio=\"none\" aria-hidden=\"true\" focusable=\"false\">\n      <path fill=\"url(#hero-bg-shape-xs)\" fill-rule=\"evenodd\" d=\"M375 538.342V0H0v684l258.308-60.602S329.199 613.49 375 538.342Z\" clip-rule=\"evenodd\"\/>\n      <defs>\n        <linearGradient id=\"hero-bg-shape-xs\" x1=\"61\" x2=\"254\" y1=\"95\" y2=\"275\" gradientUnits=\"userSpaceOnUse\">\n          <stop stop-color=\"#ff6354\"\/>\n          <stop offset=\"1\" stop-color=\"#e42e2e\"\/>\n        <\/linearGradient>\n      <\/defs>\n    <\/svg>\n\n    <svg class=\"hero__background-shape\" xmlns=\"http:\/\/www.w3.org\/2000\/svg\" fill=\"none\" viewBox=\"0 0 3000 1168\" aria-hidden=\"true\" focusable=\"false\">\n      <path fill=\"url(#hero-bg-shape)\" d=\"M0 0v1168l2464.28-444.82s158.83-17.168 241.04-156.467C2784.14 432.965 3000 0 3000 0H0Z\"\/>\n      <defs>\n        <linearGradient id=\"hero-bg-shape\" x1=\"1500\" x2=\"2300\" y1=\"0\" y2=\"390\" gradientUnits=\"userSpaceOnUse\">\n          <stop stop-color=\"#ff6354\"\/>\n          <stop offset=\"1\" stop-color=\"#e42e2e\"\/>\n        <\/linearGradient>\n      <\/defs>\n    <\/svg>\n\n        <img decoding=\"async\" class=\"hero__image\" src=\"https:\/\/cooperative-cvm.fr\/presse\/wp-content\/uploads\/sites\/3\/2021\/12\/hero-presse.png\" alt=\"\">\n    \n    <div class=\"hero__main-content\">\n\n      <h1 class=\"title\">Une r\u00e9daction sp\u00e9cialis\u00e9e \u00e0 votre service<\/h1>\n\n            <div class=\"hero__headline\"><p>Nos trois domaines d&rsquo;expertise : la pr\u00e9vention, la sant\u00e9 et la protection sociale.<\/p>\n<\/div>\n            <a class=\"btn--white u-mt-6\" href=\"\/presse\/qui-sommes-nous\/\">Qui sommes-nous ?<\/a>\n      \n    <\/div>\n\n  <\/div>\n\n  \n<\/section>\n\n\n<h2 class=\"wp-block-heading has-text-align-center\">Notre \u00e9quipe<\/h2>\n\n\n<div class=\"grid -gutter-y-medium u-justify-center\">\n    <div class=\"grid__item lg:u-w-1\/4\">\n    <article class=\"card-member\">\n      <div class=\"card-member__inner\">\n      \n        <figure class=\"card-member__avatar\">\n          <img decoding=\"async\" src=\"https:\/\/cooperative-cvm.fr\/presse\/wp-content\/uploads\/sites\/3\/2021\/12\/francois.png\" alt=\"\">\n        <\/figure>\n\n        <h3 class=\"card-member__title\">Fran\u00e7ois Fillon<\/h3>\n\n        <p class=\"card-member__subtitle\">Directeur de la r\u00e9daction<\/p>\n\n        \n      <\/div>\n    <\/article>\n  <\/div>\n    <div class=\"grid__item lg:u-w-1\/4\">\n    <article class=\"card-member\">\n      <div class=\"card-member__inner\">\n      \n        <figure class=\"card-member__avatar\">\n          <img decoding=\"async\" src=\"https:\/\/cooperative-cvm.fr\/presse\/wp-content\/uploads\/sites\/3\/2021\/12\/delphine-1.png\" alt=\"\">\n        <\/figure>\n\n        <h3 class=\"card-member__title\">Delphine Delarue<\/h3>\n\n        <p class=\"card-member__subtitle\">R\u00e9dactrice en cheffe<\/p>\n\n        \n      <\/div>\n    <\/article>\n  <\/div>\n    <div class=\"grid__item lg:u-w-1\/4\">\n    <article class=\"card-member\">\n      <div class=\"card-member__inner\">\n      \n        <figure class=\"card-member__avatar\">\n          <img decoding=\"async\" src=\"https:\/\/cooperative-cvm.fr\/presse\/wp-content\/uploads\/sites\/3\/2021\/12\/marilyn.png\" alt=\"\">\n        <\/figure>\n\n        <h3 class=\"card-member__title\">Marylin  Perioli<\/h3>\n\n        <p class=\"card-member__subtitle\">Cheffe de la rubrique sant\u00e9 <\/p>\n\n        \n      <\/div>\n    <\/article>\n  <\/div>\n    <div class=\"grid__item lg:u-w-1\/4\">\n    <article class=\"card-member\">\n      <div class=\"card-member__inner\">\n      \n        <figure class=\"card-member__avatar\">\n          <img decoding=\"async\" src=\"https:\/\/cooperative-cvm.fr\/presse\/wp-content\/uploads\/sites\/3\/2021\/12\/stephane.png\" alt=\"\">\n        <\/figure>\n\n        <h3 class=\"card-member__title\">St\u00e9phane Genelot<\/h3>\n\n        <p class=\"card-member__subtitle\">Designer graphique <\/p>\n\n        \n      <\/div>\n    <\/article>\n  <\/div>\n    <div class=\"grid__item lg:u-w-1\/4\">\n    <article class=\"card-member\">\n      <div class=\"card-member__inner\">\n      \n        <figure class=\"card-member__avatar\">\n          <img decoding=\"async\" src=\"https:\/\/cooperative-cvm.fr\/presse\/wp-content\/uploads\/sites\/3\/2022\/04\/capucine-1.png\" alt=\"\">\n        <\/figure>\n\n        <h3 class=\"card-member__title\">Capucine Bordet<\/h3>\n\n        <p class=\"card-member__subtitle\">Journaliste sp\u00e9cialis\u00e9e en protection sociale<\/p>\n\n        \n      <\/div>\n    <\/article>\n  <\/div>\n    <div class=\"grid__item lg:u-w-1\/4\">\n    <article class=\"card-member\">\n      <div class=\"card-member__inner\">\n      \n        <figure class=\"card-member__avatar\">\n          <img decoding=\"async\" src=\"https:\/\/cooperative-cvm.fr\/presse\/wp-content\/uploads\/sites\/3\/2024\/05\/alice-2.png\" alt=\"\">\n        <\/figure>\n\n        <h3 class=\"card-member__title\">Alice Carel<\/h3>\n\n        <p class=\"card-member__subtitle\">Secr\u00e9taire de r\u00e9daction et r\u00e9dactrice web<\/p>\n\n        \n      <\/div>\n    <\/article>\n  <\/div>\n  <\/div>\n\n\n\n<p><\/p>\n","protected":false},"excerpt":{"rendered":"<p>Notre \u00e9quipe<\/p>\n","protected":false},"author":8,"featured_media":0,"parent":0,"menu_order":0,"comment_status":"closed","ping_status":"closed","template":"","meta":{"_acf_changed":false,"footnotes":""},"class_list":["post-8","page","type-page","status-publish","hentry"],"aioseo_notices":[],"acf":[],"_links":{"self":[{"href":"https:\/\/cooperative-cvm.fr\/presse\/wp-json\/wp\/v2\/pages\/8","targetHints":{"allow":["GET"]}}],"collection":[{"href":"https:\/\/cooperative-cvm.fr\/presse\/wp-json\/wp\/v2\/pages"}],"about":[{"href":"https:\/\/cooperative-cvm.fr\/presse\/wp-json\/wp\/v2\/types\/page"}],"author":[{"embeddable":true,"href":"https:\/\/cooperative-cvm.fr\/presse\/wp-json\/wp\/v2\/users\/8"}],"replies":[{"embeddable":true,"href":"https:\/\/cooperative-cvm.fr\/presse\/wp-json\/wp\/v2\/comments?post=8"}],"version-history":[{"count":21,"href":"https:\/\/cooperative-cvm.fr\/presse\/wp-json\/wp\/v2\/pages\/8\/revisions"}],"predecessor-version":[{"id":437,"href":"https:\/\/cooperative-cvm.fr\/presse\/wp-json\/wp\/v2\/pages\/8\/revisions\/437"}],"wp:attachment":[{"href":"https:\/\/cooperative-cvm.fr\/presse\/wp-json\/wp\/v2\/media?parent=8"}],"curies":[{"name":"wp","href":"https:\/\/api.w.org\/{rel}","templated":true}]}}